{"id":1643,"date":"2022-07-26T13:51:22","date_gmt":"2022-07-26T18:51:22","guid":{"rendered":"https:\/\/blooming.com.mx\/?page_id=1643"},"modified":"2022-09-12T10:22:32","modified_gmt":"2022-09-12T15:22:32","slug":"aviso-de-privacidad","status":"publish","type":"page","link":"https:\/\/blooming.com.mx\/index.php\/aviso-de-privacidad\/","title":{"rendered":"Aviso de privacidad"},"content":{"rendered":"<p>[vc_row][vc_column][vc_column_text]<\/p>\n<h4 style=\"text-align: center;\"><span style=\"font-family: sublima;\">Aviso de Privacidad\u00a0<\/span><\/h4>\n<p>&nbsp;<\/p>\n<div><\/div>\n<div>\n<p style=\"text-align: right;\">\u00daltima Actualizaci\u00f3n: (*) del 2022.<\/p>\n<p><strong>ANTES DE CONTINUAR CON LA NAVEGACI\u00d3N EN ESTA P\u00c1GINA DE INTERNET, LE RECOMENDAMOS LEER CUIDADOSAMENTE EL PRESENTE AVISO DE PRIVACIDAD, EL CUAL PONEMOS A SU DISPOSICI\u00d3N PARA DAR TRATAMIENTO A LOS DATOS PERSONALES QUE, EN SU CASO, NOS PROPORCIONE.<\/strong><\/p>\n<p>Blooming Distribuciones, S.A. DE C.V. (en adelante, \u201cBLOOMING\u201d) reconoce que la privacidad y la seguridad de sus Datos Personales, es decir, cualquier informaci\u00f3n concerniente a una persona f\u00edsica identificada o identificable, constituyen derechos de suma importancia para Usted. Debido a esto, BLOOMING se compromete a tratarlos y a resguardarlos bajo los m\u00e1s altos \u00edndices de seguridad legal, tecnol\u00f3gica y administrativa, comprometi\u00e9ndose en todo momento a no vender, compartir o divulgar los mismos a terceros con fines il\u00edcitos o contrarios al objeto para el cual los proporciona su titular, de conformidad con lo dispuesto en la Ley Federal de Protecci\u00f3n de Datos Personales en Posesi\u00f3n de los Particulares (en adelante, la \u201cLey\u201d) y su Reglamento (en adelante, el \u201cReglamento\u201d) y ambas en su conjunto, la \u201cLey y el Reglamento\u201d).<\/p>\n<p>En virtud de lo anterior, el presente Aviso de Privacidad se extiende a toda la informaci\u00f3n, incluyendo los Datos Personales recopilados por BLOOMING, compartidos con sus empresas filiales o subsidiarias, as\u00ed como con terceros con los que BLOOMING celebre o vaya a celebrar relaci\u00f3n contractual alguna. En consecuencia, nos permitimos solicitarle leer cuidadosamente los T\u00e9rminos y Condiciones contenidos en este Aviso de Privacidad, entendiendo que al continuar navegando por nuestro sitio web usted est\u00e1 otorgando su aceptaci\u00f3n a los mismos, as\u00ed como su autorizaci\u00f3n para el tratamiento y transferencia de estos en los t\u00e9rminos del presente documento y de conformidad con lo expresado en el apartado de \u201cConsentimiento\u201d.<\/p>\n<p><strong>Identidad y Domicilio del Responsable que recaba los Datos Personales<\/strong><\/p>\n<p>Blooming Distribuciones, S.A. de C.V., tiene su domicilio en Calle Medell\u00edn N\u00famero 86-34, Colonia Roma Norte, C.P. 06700, Alcald\u00eda Cuauht\u00e9moc, Ciudad de M\u00e9xico, y p\u00e1gina de internet <a href=\"http:\/\/www.blooming.com.mx\">www.blooming.com.mx<\/a><\/p>\n<p>Asimismo, en caso de que tenga alguna duda o desee ejercer cualquiera de los Derechos ARCO, de conformidad con la Ley y con el apartado \u201cMedios para ejercer sus Derechos ARCO\u201d que m\u00e1s adelante se especifica, puede hacerlo por tel\u00e9fono o por escrito a los siguientes datos de contacto:<\/p>\n<ul>\n<li>Tel\u00e9fono: (*)<\/li>\n<li>Contacto: <a href=\"mailto:dario.cordova@blooming.uno\">dario.cordova@blooming.uno<\/a><\/li>\n<\/ul>\n<p><strong>Informaci\u00f3n Recopilada<\/strong><\/p>\n<p>Para la adecuada prestaci\u00f3n de los servicios ofrecidos por BLOOMING en su car\u00e1cter de Distribuidor de medicamentos de l\u00ednea general, material de curaci\u00f3n y equipo m\u00e9dico, y para cumplir con las finalidades se\u00f1aladas m\u00e1s adelante en el presente Aviso de Privacidad, debemos recabar y dar tratamiento a sus Datos Personales, tales como:<\/p>\n<ul>\n<li>Nombre completo o Raz\u00f3n Social;<\/li>\n<li>Correo electr\u00f3nico;<\/li>\n<li>N\u00famero de celular o tel\u00e9fono fijo.<\/li>\n<\/ul>\n<p>El uso de los Datos Personales, en todo momento, tendr\u00e1 relaci\u00f3n directa con los servicios y productos que BLOOMING ofrece.<\/p>\n<p><strong>Finalidades del Tratamiento<\/strong><\/p>\n<p>Los Datos Personales que Usted proporcione a BLOOMING, ser\u00e1n tratados con las finalidades que se describen a continuaci\u00f3n (finalidades primarias):<\/p>\n<ol>\n<li>Para proporcionarle orientaci\u00f3n, asesor\u00eda y venta de los productos que ofrecemos.<\/li>\n<li>Para la comercializaci\u00f3n de nuevos productos o servicios.<\/li>\n<li>Para generar perfiles para fines mercadol\u00f3gicos o publicitarios.<\/li>\n<li>Para la promoci\u00f3n, publicidad y mercadeo de los productos ofrecidos BLOOMING.<\/li>\n<li>Para identificarlo, ubicarlo y comunicarse con Usted en su car\u00e1cter de posible comprador de los productos de BLOOMING o representante legal o apoderado del posible comprador de los productos de qui\u00e9n se trate.<\/li>\n<li>Para la conservaci\u00f3n de registros para seguimiento de los productos comercializados por BLOOMING.<\/li>\n<\/ol>\n<p>Para el tratamiento de sus Datos Personales, BLOOMING se limitar\u00e1 a realizar exclusivamente el tratamiento necesario, adecuado y relevante con relaci\u00f3n a las finalidades previstas en este apartado, comprometi\u00e9ndose y oblig\u00e1ndose a observar y cumplir los principios de licitud, consentimiento, informaci\u00f3n, calidad, finalidad, lealtad, proporcionalidad y responsabilidad de conformidad con la Ley. Adicionalmente, BLOOMING realizar\u00e1 esfuerzos razonables para limitar el periodo de tratamiento de los Datos Personales al m\u00ednimo indispensable.<\/p>\n<p><strong>Transferencia de Datos Personales <\/strong><\/p>\n<p>Los Datos Personales, provistos por Usted, no ser\u00e1n compartidos ni transferidos por BLOOMING a terceros, salvo que se trate de:<\/p>\n<ol>\n<li>Terceros con los cuales BLOOMING tenga una relaci\u00f3n contractual, bajo la cual \u00e9sta se encuentra en posibilidades de llevar a cabo las actividades relacionadas con la relaci\u00f3n jur\u00eddica que en un futuro lo una a Usted o a su representada con BLOOMING, tales como Distribuidores de medicamentos de l\u00ednea general, material de curaci\u00f3n y equipo m\u00e9dico, Hospitales, Farmacias, Laboratorios, empresas relacionadas con la industria de salud o empresas matrices, filiales o subsidiarias de BLOOMING.<\/li>\n<li>Empresas del grupo corporativo al que pertenece BLOOMING y \u00fanicamente la informaci\u00f3n necesaria para la prestaci\u00f3n de los servicios y comercializaci\u00f3n de productos que se requieran para dar cumplimiento a las obligaciones asumidas por BLOOMING frente a Usted o su representada, exigi\u00e9ndoles guardar confidencialidad durante su tratamiento y permiti\u00e9ndoles el tratamiento de sus Datos Personales solo para las finalidades que se detallan en el presente Aviso de Privacidad.<\/li>\n<li>Autoridades que lo requieran a BLOOMING por ley o por considerarse de buena fe por BLOOMING y que esa acci\u00f3n es necesaria para salvaguardar el inter\u00e9s p\u00fablico o para la procuraci\u00f3n o administraci\u00f3n de justicia si se requiere para el reconocimiento de Usted en un proceso judicial.<\/li>\n<\/ol>\n<p>BLOOMING se compromete a velar porque se cumplan todos los principios legales de protecci\u00f3n en torno a la transferencia de sus Datos Personales. De igual forma manifiesta su compromiso para que se respete en todo momento, por nosotros y por nuestros socios comerciales o sus empresas matrices, filiales o subsidiarias de estas y de BLOOMING.<\/p>\n<p><strong>Limitaci\u00f3n para Uso y Divulgaci\u00f3n de Datos Personales.<\/strong><\/p>\n<p>En cualquier momento Usted podr\u00e1 limitar el tratamiento de sus Datos Personales, as\u00ed como solicitar que los transmita BLOOMING, siguiendo el mismo procedimiento en el apartado \u201cMedios para ejercer sus Derechos ARCO\u201d de este Aviso de Privacidad. Cuando la limitaci\u00f3n impida la posible futura prestaci\u00f3n de un servicio que haya contratado con BLOOMING, el tratamiento continuar\u00e1 conforme lo haya autorizado hasta la finalizaci\u00f3n de este.<\/p>\n<p><strong>Medios para ejercer sus Derechos ARCO<\/strong><\/p>\n<p>Le recordamos que, en materia de protecci\u00f3n de Datos Personales, Usted podr\u00e1 ejercer los derechos denominados \u201cARCO\u201d (Acceso, Rectificaci\u00f3n, Cancelaci\u00f3n y Oposici\u00f3n).<\/p>\n<ol>\n<li><strong>Acceso:<\/strong> Se podr\u00e1 solicitar a BLOOMING que le informe sobre los datos e informaci\u00f3n suya con la que cuenta BLOOMING y c\u00f3mo ha sido obtenida.<\/li>\n<li><strong>Rectificaci\u00f3n:<\/strong> Se podr\u00e1 solicitar a BLOOMING la rectificaci\u00f3n o modificaci\u00f3n de alg\u00fan dato en particular o de todos en caso de que sean incorrectos o inexactos.<\/li>\n<li><strong>Cancelaci\u00f3n:<\/strong> Se podr\u00e1 solicitar a BLOOMING la cancelaci\u00f3n de un dato que resulte innecesario o no pertinente para la finalidad con la que fue recabado. El dato podr\u00e1 ser bloqueado, es decir, ser\u00e1 identificado y reservado con el fin de impedir su tratamiento.<\/li>\n<li><strong>Oposici\u00f3n:<\/strong> Se podr\u00e1 oponer al tratamiento de sus Datos Personales y\/o Datos Personales Sensibles incluidos en la base de datos de BLOOMING.<\/li>\n<\/ol>\n<p>Para ejercer los Derechos ARCO antes mencionados, Usted, su representante legal o apoderado, deber\u00e1 enviar una solicitud por escrito dirigida al \u00e1rea encargada de Protecci\u00f3n de Datos Personales de BLOOMING espec\u00edficamente al correo electr\u00f3nico <a href=\"mailto:dario.cordova@blooming.uno\">dario.cordova@blooming.uno<\/a> (en adelante, el \u201cEncargado\u201d), firmada por el Titular de los Datos Personales, su representante legal o apoderado, se\u00f1alando claramente el derecho que se ejerce, as\u00ed como la siguiente informaci\u00f3n:<\/p>\n<ol>\n<li>Nombre del Titular<\/li>\n<li>Domicilio del Titular y correo electr\u00f3nico al cual se le pueda dar respuesta.<\/li>\n<li>Documentos que acrediten la identidad u autorizaci\u00f3n para representar al titular de los Datos Personales, de ser aplicable, entendi\u00e9ndose por tal su identificaci\u00f3n oficial, RFC y comprobante de domicilio, o, en su caso, el poder notarial otorgado a su favor por el titular de los Datos Personales o cualquier otro documento que lo acredite como tal, seg\u00fan sea aplicable.<\/li>\n<li>Descripci\u00f3n de los Datos Personales sobre los que se pretende ejercer alg\u00fan Derecho ARCO.<\/li>\n<li>Cualquier otro elemento o documento que facilite la localizaci\u00f3n de los Datos Personales.<\/li>\n<li>En caso de rectificaci\u00f3n, ser\u00e1 necesario tambi\u00e9n presente la documentaci\u00f3n que sustente su petici\u00f3n.<\/li>\n<\/ol>\n<p>BLOOMING le comunicar\u00e1 la determinaci\u00f3n adoptada en relaci\u00f3n con su solicitud en un plazo m\u00e1ximo de 20 (veinte) d\u00edas h\u00e1biles contados a partir de la fecha en que \u00e9sta haya recibido la solicitud, para que, en caso de resultar procedente, BLOOMING pueda hacer efectiva la misma en un plazo de 15 (quince) d\u00edas h\u00e1biles a partir de que le comunique su respuesta al correo electr\u00f3nico que Usted le hubiere proporcionado. Cuando las circunstancias lo justifiquen, los plazos referidos podr\u00e1n ampliarse por periodos iguales.<\/p>\n<p><strong>Revocaci\u00f3n del Consentimiento<\/strong><\/p>\n<p>En todo momento Usted podr\u00e1 revocar el consentimiento que en su caso otorgue a BLOOMING para el tratamiento de sus Datos Personales, a fin de que, de resultar procedente su solicitud conforme a la Ley, dejemos de hacer uso de los mismos, en el entendido de que para lo anterior Usted podr\u00e1 manifestar su negativa al presente Aviso y al tratamiento de sus referidos Datos Personales mediante notificaci\u00f3n al correo electr\u00f3nico <a href=\"mailto:dario.cordova@blooming.uno\">dario.cordova@blooming.uno<\/a> del Encargado y siguiendo el mismo procedimiento que el que se establece en el apartado \u201cMedios para ejercer sus Derechos ARCO\u201d.<\/p>\n<p><strong>Uso de Cookies, Web Beacons y otras Tecnolog\u00edas de Rastreo.<\/strong><\/p>\n<p>Adem\u00e1s de los Datos Personales mencionados en el presente Aviso, en su computadora se almacenan cookies cuando visita y usa el sitio web de BLOOMING.<\/p>\n<p>Las cookies son peque\u00f1os archivos de texto que se almacenan en el navegador de su dispositivo para guardar determinada informaci\u00f3n. Cuando vuelva a visitar el sitio web de BLOOMING desde el mismo dispositivo, la informaci\u00f3n guardada en las cookies se transmitir\u00e1 al sitio web de BLOOMING (\u201cCookies Propias\u201d) o bien a otro sitio web al que pertenezca la cookie (\u201cCookies de Terceros\u201d).<\/p>\n<p>Mediante la informaci\u00f3n guardada y enviada el sitio web correspondiente, se reconoce que ha accedido al sitio y lo ha visitado con el navegador que us\u00f3 en ese dispositivo. BLOOMING usa esta informaci\u00f3n para poder dise\u00f1ar y mostrar el sitio web de manera \u00f3ptima de acuerdo con sus preferencias. En este sentido, en su dispositivo solo se identifica la cookie. Aparte de esto, sus Datos Personales \u00fanicamente se guardar\u00e1n con su consentimiento expreso o cuando sea estrictamente necesario para poder usar el servicio que se le ofrece y al que accede, por consiguiente.<\/p>\n<p>A continuaci\u00f3n, se enlistan los diferentes tipos de cookies, cuyo \u00e1mbito y funcionalidad se explican m\u00e1s adelante:<\/p>\n<ol>\n<li style=\"list-style-type: none;\">\n<ol>\n<li>Cookies estrictamente necesarias (tipo A)<\/li>\n<li>Cookies de funcionalidad y rendimiento (tipo B)<\/li>\n<li>Cookies basadas en el consentimiento (p. ej. de marketing) (tipo C)<\/li>\n<\/ol>\n<\/li>\n<\/ol>\n<p>Asimismo, en el presente Aviso de Privacidad podr\u00e1s encontrar m\u00e1s informaci\u00f3n sobre los tipos de cookies configurados y que se emplean en las herramientas implementadas en el sitio web de Inventa Seguros y Fianzas.<\/p>\n<ol>\n<li><u> Cookies estrictamente necesarias (tipo A).<\/u><\/li>\n<\/ol>\n<p>Las cookies estrictamente necesarias garantizan funciones para que pueda usar la p\u00e1gina web de BLOOMING como est\u00e1 previsto. BLOOMING ser\u00e1 la \u00fanica en usar estas cookies, por lo que se trata de cookies propias. Esto implica que toda la informaci\u00f3n almacenada en las cookies ser\u00e1 enviada al sitio web de BLOOMING.<\/p>\n<p>Las cookies estrictamente necesarias sirven, por ejemplo, para garantizar que cuando inicie sesi\u00f3n como usuario registrado, su sesi\u00f3n siga activa cuando acceda a diferentes subp\u00e1ginas del sitio web de BLOOMING, es decir, que no tenga que volver a introducir sus datos de inicio de sesi\u00f3n cada vez que acceda a una nueva p\u00e1gina.<\/p>\n<p>El uso de cookies estrictamente necesarias en el sitio web de BLOOMING es posible sin su consentimiento. Por ello, las cookies estrictamente necesarias no se pueden activar ni desactivar individualmente, aunque s\u00ed puede desactivar las cookies en su navegador en cualquier momento.<\/p>\n<ol>\n<li><u> Cookies de funcionalidad y rendimiento (tipo B).<\/u><\/li>\n<\/ol>\n<p>Las cookies de funcionalidad permiten que el sitio web de BLOOMING almacene informaci\u00f3n ya facilitada (como usuario registrado o selecci\u00f3n de idioma) con el objeto de ofrecerle funciones ampliadas y m\u00e1s personalizadas con base en esta informaci\u00f3n. Estas cookies recogen y almacenan \u00fanicamente informaci\u00f3n an\u00f3nima, por lo que no pueden rastrear sus movimientos en otros sitios web.<\/p>\n<p>Las cookies de rendimiento recogen informaci\u00f3n sobre c\u00f3mo se usa el sitio web de BLOOMING con el fin de mejorar su contenido y su funcionalidad para poder brindarle una mejor experiencia.<\/p>\n<p>Estas cookies ayudan, por ejemplo, a determinar si se visitan subp\u00e1ginas del sitio web de BLOOMING y cu\u00e1les, y en qu\u00e9 contenidos est\u00e1n especialmente interesados los usuarios. En concreto, registra el n\u00famero de visitas a una p\u00e1gina, el n\u00famero de subp\u00e1ginas a las que se ha accedido, el tiempo de permanencia en el sitio web, en qu\u00e9 orden se visitan las p\u00e1ginas, qu\u00e9 palabras de b\u00fasqueda le han conducido hasta nosotros, el pa\u00eds, la regi\u00f3n y, en su caso, la ciudad desde la que se accede, as\u00ed como la proporci\u00f3n de dispositivos m\u00f3viles que acceden al sitio web de BLOOMING. Tambi\u00e9n capturamos movimientos, clicks y desplazamientos con el rat\u00f3n del ordenador para conocer las \u00e1reas de nuestro sitio web que son de especial inter\u00e9s para los usuarios. Gracias a ello BLOOMING puede adaptar los contenidos del sitio web m\u00e1s espec\u00edficamente a las necesidades de sus usuarios y optimizar su oferta. La direcci\u00f3n IP de su computadora transmitida por razones t\u00e9cnicas se convierte en an\u00f3nima de manera autom\u00e1tica y no nos permite extraer ninguna conclusi\u00f3n sobre el usuario individual.<\/p>\n<ol>\n<li><u> Cookies basadas en el consentimiento (tipo C).<\/u><\/li>\n<\/ol>\n<p>Las cookies que no son estrictamente necesarias (tipo A) ni de funcionalidad o rendimiento (tipo b), \u00fanicamente se usar\u00e1n cuando medie su consentimiento expreso, p. ej. Las cookies de marketing.<\/p>\n<p>BLOOMING se reserva igualmente el derecho a usar informaci\u00f3n que haya obtenido por medio de cookies derivada de un an\u00e1lisis an\u00f3nimo del comportamiento de uso de los visitantes de su sitio web con el fin de mostrar publicidad concreta de algunos de sus productos y\/o servicios en sus sitios web. BLOOMING considera esto como un beneficio para Usted como usuario, ya que le mostramos publicidad o contenidos que se acomodan a sus intereses seg\u00fan su comportamiento de navegaci\u00f3n, de modo que vea menos publicidad aleatoria o ciertos contenidos que puedan resultarte menos interesantes.<\/p>\n<p>Nosotros no utilizamos cookies tipo C, que son las que proceden de empresas anunciantes externas (cookies de terceros) y se usan para recoger informaci\u00f3n acerca de los sitios web que el usuario visita con el fin de generar publicidad relevante en base a sus intereses o los de otros usuarios similares.<\/p>\n<p><strong>Administraci\u00f3n y eliminaci\u00f3n de todas las cookies<\/strong><\/p>\n<p>Puede configurar su navegador de modo que se impida de manera general que se guarden cookies en su dispositivo y\/o que se le pregunte en cada ocasi\u00f3n si est\u00e1 de acuerdo con permitir el uso de cookies. Tambi\u00e9n puede eliminar en cualquier momento las cookies que hayan vuelto a ser activadas. Para saber con detalle c\u00f3mo funciona este procedimiento puede acudir a la funci\u00f3n de ayuda de su navegador.<\/p>\n<p>Para m\u00e1s informaci\u00f3n sobre la eliminaci\u00f3n, deshabilitaci\u00f3n o bloqueo de las cookies por favor visita: allaboutcookies.org<\/p>\n<p><strong>Modificaciones<\/strong><\/p>\n<p>Hacemos de su conocimiento que, en caso de alg\u00fan cambio parcial o total que se realice al presente Aviso de Privacidad, se le comunicar\u00e1 a trav\u00e9s de nuestra p\u00e1gina web o mediante correo electr\u00f3nico a la direcci\u00f3n del titular que para tales efectos mantenga registrado con BLOOMING. Para su conocimiento, nuestra p\u00e1gina web es: <a href=\"http:\/\/www.blooming.com.mx\">www.blooming.com.mx<\/a><\/p>\n<p><strong>Consentimiento<\/strong><\/p>\n<p>Hago constar que he recibido y le\u00eddo en su totalidad el presente Aviso de Privacidad de BLOOMING, por lo que al continuar navegando en esta p\u00e1gina de internet y\/o ingresando mis datos personales a los cuadros en donde se recaban, manifiesto mi conformidad con los T\u00e9rminos y Condiciones contenidos en el mismo y autorizo expresamente a BLOOMING el tratamiento y transferencia de mis Datos Personales o los de mi representada, seg\u00fan corresponda, a los terceros se\u00f1alados en el Aviso de Privacidad para los fines previstos en el mismo. En caso de no estar de acuerdo con una o varias finalidades del presente Aviso de Privacidad, dejar\u00e9 de navegar en esta p\u00e1gina de internet y en caso de haber ingresado mis Datos Personales a los cuadros en donde se recaban, ejercer\u00e9 mis Derechos ARCO conforme al procedimiento establecido anteriormente.<\/p>\n<p>&nbsp;<\/p>\n<\/div>\n<p>[\/vc_column_text][\/vc_column][\/vc_row]<\/p>\n","protected":false},"excerpt":{"rendered":"<p>[vc_row][vc_column][vc_column_text] Aviso de Privacidad\u00a0 &nbsp; \u00daltima Actualizaci\u00f3n: (*) del 2022. ANTES DE CONTINUAR CON LA NAVEGACI\u00d3N EN ESTA P\u00c1GINA DE&#8230;<\/p>\n","protected":false},"author":1,"featured_media":0,"parent":0,"menu_order":0,"comment_status":"closed","ping_status":"closed","template":"","meta":{"om_disable_all_campaigns":false,"_monsterinsights_skip_tracking":false,"_monsterinsights_sitenote_active":false,"_monsterinsights_sitenote_note":"","_monsterinsights_sitenote_category":0,"_joinchat":[],"footnotes":""},"class_list":["post-1643","page","type-page","status-publish"],"yoast_head":"<!-- This site is optimized with the Yoast SEO plugin v20.3 - https:\/\/yoast.com\/wordpress\/plugins\/seo\/ -->\n<title>Aviso de privacidad - Blooming<\/title>\n<meta name=\"robots\" content=\"index, follow, max-snippet:-1, max-image-preview:large, max-video-preview:-1\" \/>\n<link rel=\"canonical\" href=\"https:\/\/blooming.com.mx\/index.php\/aviso-de-privacidad\/\" \/>\n<meta property=\"og:locale\" content=\"es_MX\" \/>\n<meta property=\"og:type\" content=\"article\" \/>\n<meta property=\"og:title\" content=\"Aviso de privacidad - Blooming\" \/>\n<meta property=\"og:description\" content=\"[vc_row][vc_column][vc_column_text] Aviso de Privacidad\u00a0 &nbsp; \u00daltima Actualizaci\u00f3n: (*) del 2022. ANTES DE CONTINUAR CON LA NAVEGACI\u00d3N EN ESTA P\u00c1GINA DE...\" \/>\n<meta property=\"og:url\" content=\"https:\/\/blooming.com.mx\/index.php\/aviso-de-privacidad\/\" \/>\n<meta property=\"og:site_name\" content=\"Blooming\" \/>\n<meta property=\"article:modified_time\" content=\"2022-09-12T15:22:32+00:00\" \/>\n<meta name=\"twitter:card\" content=\"summary_large_image\" \/>\n<meta name=\"twitter:label1\" content=\"Tiempo de lectura\" \/>\n\t<meta name=\"twitter:data1\" content=\"14 minutos\" \/>\n<script type=\"application\/ld+json\" class=\"yoast-schema-graph\">{\"@context\":\"https:\/\/schema.org\",\"@graph\":[{\"@type\":\"WebPage\",\"@id\":\"https:\/\/blooming.com.mx\/index.php\/aviso-de-privacidad\/\",\"url\":\"https:\/\/blooming.com.mx\/index.php\/aviso-de-privacidad\/\",\"name\":\"Aviso de privacidad - Blooming\",\"isPartOf\":{\"@id\":\"https:\/\/blooming.com.mx\/#website\"},\"datePublished\":\"2022-07-26T18:51:22+00:00\",\"dateModified\":\"2022-09-12T15:22:32+00:00\",\"breadcrumb\":{\"@id\":\"https:\/\/blooming.com.mx\/index.php\/aviso-de-privacidad\/#breadcrumb\"},\"inLanguage\":\"es\",\"potentialAction\":[{\"@type\":\"ReadAction\",\"target\":[\"https:\/\/blooming.com.mx\/index.php\/aviso-de-privacidad\/\"]}]},{\"@type\":\"BreadcrumbList\",\"@id\":\"https:\/\/blooming.com.mx\/index.php\/aviso-de-privacidad\/#breadcrumb\",\"itemListElement\":[{\"@type\":\"ListItem\",\"position\":1,\"name\":\"Inicio\",\"item\":\"https:\/\/blooming.com.mx\/\"},{\"@type\":\"ListItem\",\"position\":2,\"name\":\"Aviso de privacidad\"}]},{\"@type\":\"WebSite\",\"@id\":\"https:\/\/blooming.com.mx\/#website\",\"url\":\"https:\/\/blooming.com.mx\/\",\"name\":\"Blooming\",\"description\":\"blooming\",\"potentialAction\":[{\"@type\":\"SearchAction\",\"target\":{\"@type\":\"EntryPoint\",\"urlTemplate\":\"https:\/\/blooming.com.mx\/?s={search_term_string}\"},\"query-input\":\"required name=search_term_string\"}],\"inLanguage\":\"es\"}]}<\/script>\n<!-- \/ Yoast SEO plugin. -->","yoast_head_json":{"title":"Aviso de privacidad - Blooming","robots":{"index":"index","follow":"follow","max-snippet":"max-snippet:-1","max-image-preview":"max-image-preview:large","max-video-preview":"max-video-preview:-1"},"canonical":"https:\/\/blooming.com.mx\/index.php\/aviso-de-privacidad\/","og_locale":"es_MX","og_type":"article","og_title":"Aviso de privacidad - Blooming","og_description":"[vc_row][vc_column][vc_column_text] Aviso de Privacidad\u00a0 &nbsp; \u00daltima Actualizaci\u00f3n: (*) del 2022. ANTES DE CONTINUAR CON LA NAVEGACI\u00d3N EN ESTA P\u00c1GINA DE...","og_url":"https:\/\/blooming.com.mx\/index.php\/aviso-de-privacidad\/","og_site_name":"Blooming","article_modified_time":"2022-09-12T15:22:32+00:00","twitter_card":"summary_large_image","twitter_misc":{"Tiempo de lectura":"14 minutos"},"schema":{"@context":"https:\/\/schema.org","@graph":[{"@type":"WebPage","@id":"https:\/\/blooming.com.mx\/index.php\/aviso-de-privacidad\/","url":"https:\/\/blooming.com.mx\/index.php\/aviso-de-privacidad\/","name":"Aviso de privacidad - Blooming","isPartOf":{"@id":"https:\/\/blooming.com.mx\/#website"},"datePublished":"2022-07-26T18:51:22+00:00","dateModified":"2022-09-12T15:22:32+00:00","breadcrumb":{"@id":"https:\/\/blooming.com.mx\/index.php\/aviso-de-privacidad\/#breadcrumb"},"inLanguage":"es","potentialAction":[{"@type":"ReadAction","target":["https:\/\/blooming.com.mx\/index.php\/aviso-de-privacidad\/"]}]},{"@type":"BreadcrumbList","@id":"https:\/\/blooming.com.mx\/index.php\/aviso-de-privacidad\/#breadcrumb","itemListElement":[{"@type":"ListItem","position":1,"name":"Inicio","item":"https:\/\/blooming.com.mx\/"},{"@type":"ListItem","position":2,"name":"Aviso de privacidad"}]},{"@type":"WebSite","@id":"https:\/\/blooming.com.mx\/#website","url":"https:\/\/blooming.com.mx\/","name":"Blooming","description":"blooming","potentialAction":[{"@type":"SearchAction","target":{"@type":"EntryPoint","urlTemplate":"https:\/\/blooming.com.mx\/?s={search_term_string}"},"query-input":"required name=search_term_string"}],"inLanguage":"es"}]}},"_links":{"self":[{"href":"https:\/\/blooming.com.mx\/index.php\/wp-json\/wp\/v2\/pages\/1643","targetHints":{"allow":["GET"]}}],"collection":[{"href":"https:\/\/blooming.com.mx\/index.php\/wp-json\/wp\/v2\/pages"}],"about":[{"href":"https:\/\/blooming.com.mx\/index.php\/wp-json\/wp\/v2\/types\/page"}],"author":[{"embeddable":true,"href":"https:\/\/blooming.com.mx\/index.php\/wp-json\/wp\/v2\/users\/1"}],"replies":[{"embeddable":true,"href":"https:\/\/blooming.com.mx\/index.php\/wp-json\/wp\/v2\/comments?post=1643"}],"version-history":[{"count":2,"href":"https:\/\/blooming.com.mx\/index.php\/wp-json\/wp\/v2\/pages\/1643\/revisions"}],"predecessor-version":[{"id":1813,"href":"https:\/\/blooming.com.mx\/index.php\/wp-json\/wp\/v2\/pages\/1643\/revisions\/1813"}],"wp:attachment":[{"href":"https:\/\/blooming.com.mx\/index.php\/wp-json\/wp\/v2\/media?parent=1643"}],"curies":[{"name":"wp","href":"https:\/\/api.w.org\/{rel}","templated":true}]}}