{"id":1730,"date":"2022-08-12T12:44:12","date_gmt":"2022-08-12T17:44:12","guid":{"rendered":"https:\/\/blooming.com.mx\/?post_type=product&#038;p=1730"},"modified":"2022-08-23T10:57:11","modified_gmt":"2022-08-23T15:57:11","slug":"guantes-quirurgicos-sensicare-poliisopreno","status":"publish","type":"product","link":"https:\/\/blooming.com.mx\/index.php\/product\/guantes-quirurgicos-sensicare-poliisopreno\/","title":{"rendered":"GUANTES QUIR\u00daRGICOS SENSICARE POLIISOPRENO"},"content":{"rendered":"","protected":false},"excerpt":{"rendered":"<p>GUANTES QUIR\u00daRGICOS DE POLIISOPRENO CON TECNOLOG\u00cdA ALOE<\/p>\n","protected":false},"featured_media":1752,"comment_status":"open","ping_status":"closed","template":"","meta":{"om_disable_all_campaigns":false,"_monsterinsights_skip_tracking":false,"_monsterinsights_sitenote_active":false,"_monsterinsights_sitenote_note":"","_monsterinsights_sitenote_category":0,"_joinchat":[]},"product_cat":[78,76],"product_tag":[],"class_list":{"0":"post-1730","1":"product","2":"type-product","3":"status-publish","4":"has-post-thumbnail","6":"product_cat-guantes","7":"product_cat-medline"},"yoast_head":"<!-- This site is optimized with the Yoast SEO plugin v20.3 - https:\/\/yoast.com\/wordpress\/plugins\/seo\/ -->\n<title>GUANTES QUIR\u00daRGICOS SENSICARE POLIISOPRENO - Blooming<\/title>\n<meta name=\"robots\" content=\"index, follow, max-snippet:-1, max-image-preview:large, max-video-preview:-1\" \/>\n<link rel=\"canonical\" href=\"https:\/\/blooming.com.mx\/index.php\/product\/guantes-quirurgicos-sensicare-poliisopreno\/\" \/>\n<meta property=\"og:locale\" content=\"es_MX\" \/>\n<meta property=\"og:type\" content=\"article\" \/>\n<meta property=\"og:title\" content=\"GUANTES QUIR\u00daRGICOS SENSICARE POLIISOPRENO - Blooming\" \/>\n<meta property=\"og:description\" content=\"GUANTES QUIR\u00daRGICOS DE POLIISOPRENO CON TECNOLOG\u00cdA ALOE\" \/>\n<meta property=\"og:url\" content=\"https:\/\/blooming.com.mx\/index.php\/product\/guantes-quirurgicos-sensicare-poliisopreno\/\" \/>\n<meta property=\"og:site_name\" content=\"Blooming\" \/>\n<meta property=\"article:modified_time\" content=\"2022-08-23T15:57:11+00:00\" \/>\n<meta property=\"og:image\" content=\"https:\/\/blooming.com.mx\/wp-content\/uploads\/2022\/08\/GUANTES-QUIRURGICOS-SENSICARE-POLIISOPRENO.jpg\" \/>\n\t<meta property=\"og:image:width\" content=\"1000\" \/>\n\t<meta property=\"og:image:height\" content=\"1000\" \/>\n\t<meta property=\"og:image:type\" content=\"image\/jpeg\" \/>\n<meta name=\"twitter:card\" content=\"summary_large_image\" \/>\n<script type=\"application\/ld+json\" class=\"yoast-schema-graph\">{\"@context\":\"https:\/\/schema.org\",\"@graph\":[{\"@type\":\"WebPage\",\"@id\":\"https:\/\/blooming.com.mx\/index.php\/product\/guantes-quirurgicos-sensicare-poliisopreno\/\",\"url\":\"https:\/\/blooming.com.mx\/index.php\/product\/guantes-quirurgicos-sensicare-poliisopreno\/\",\"name\":\"GUANTES QUIR\u00daRGICOS SENSICARE POLIISOPRENO - Blooming\",\"isPartOf\":{\"@id\":\"https:\/\/blooming.com.mx\/#website\"},\"datePublished\":\"2022-08-12T17:44:12+00:00\",\"dateModified\":\"2022-08-23T15:57:11+00:00\",\"breadcrumb\":{\"@id\":\"https:\/\/blooming.com.mx\/index.php\/product\/guantes-quirurgicos-sensicare-poliisopreno\/#breadcrumb\"},\"inLanguage\":\"es\",\"potentialAction\":[{\"@type\":\"ReadAction\",\"target\":[\"https:\/\/blooming.com.mx\/index.php\/product\/guantes-quirurgicos-sensicare-poliisopreno\/\"]}]},{\"@type\":\"BreadcrumbList\",\"@id\":\"https:\/\/blooming.com.mx\/index.php\/product\/guantes-quirurgicos-sensicare-poliisopreno\/#breadcrumb\",\"itemListElement\":[{\"@type\":\"ListItem\",\"position\":1,\"name\":\"Inicio\",\"item\":\"https:\/\/blooming.com.mx\/\"},{\"@type\":\"ListItem\",\"position\":2,\"name\":\"Main Shop Page (Demo)\",\"item\":\"https:\/\/blooming.com.mx\/index.php\/shop-2\/\"},{\"@type\":\"ListItem\",\"position\":3,\"name\":\"GUANTES QUIR\u00daRGICOS SENSICARE POLIISOPRENO\"}]},{\"@type\":\"WebSite\",\"@id\":\"https:\/\/blooming.com.mx\/#website\",\"url\":\"https:\/\/blooming.com.mx\/\",\"name\":\"Blooming\",\"description\":\"blooming\",\"potentialAction\":[{\"@type\":\"SearchAction\",\"target\":{\"@type\":\"EntryPoint\",\"urlTemplate\":\"https:\/\/blooming.com.mx\/?s={search_term_string}\"},\"query-input\":\"required name=search_term_string\"}],\"inLanguage\":\"es\"}]}<\/script>\n<!-- \/ Yoast SEO plugin. -->","yoast_head_json":{"title":"GUANTES QUIR\u00daRGICOS SENSICARE POLIISOPRENO - Blooming","robots":{"index":"index","follow":"follow","max-snippet":"max-snippet:-1","max-image-preview":"max-image-preview:large","max-video-preview":"max-video-preview:-1"},"canonical":"https:\/\/blooming.com.mx\/index.php\/product\/guantes-quirurgicos-sensicare-poliisopreno\/","og_locale":"es_MX","og_type":"article","og_title":"GUANTES QUIR\u00daRGICOS SENSICARE POLIISOPRENO - Blooming","og_description":"GUANTES QUIR\u00daRGICOS DE POLIISOPRENO CON TECNOLOG\u00cdA ALOE","og_url":"https:\/\/blooming.com.mx\/index.php\/product\/guantes-quirurgicos-sensicare-poliisopreno\/","og_site_name":"Blooming","article_modified_time":"2022-08-23T15:57:11+00:00","og_image":[{"width":1000,"height":1000,"url":"https:\/\/blooming.com.mx\/wp-content\/uploads\/2022\/08\/GUANTES-QUIRURGICOS-SENSICARE-POLIISOPRENO.jpg","type":"image\/jpeg"}],"twitter_card":"summary_large_image","schema":{"@context":"https:\/\/schema.org","@graph":[{"@type":"WebPage","@id":"https:\/\/blooming.com.mx\/index.php\/product\/guantes-quirurgicos-sensicare-poliisopreno\/","url":"https:\/\/blooming.com.mx\/index.php\/product\/guantes-quirurgicos-sensicare-poliisopreno\/","name":"GUANTES QUIR\u00daRGICOS SENSICARE POLIISOPRENO - Blooming","isPartOf":{"@id":"https:\/\/blooming.com.mx\/#website"},"datePublished":"2022-08-12T17:44:12+00:00","dateModified":"2022-08-23T15:57:11+00:00","breadcrumb":{"@id":"https:\/\/blooming.com.mx\/index.php\/product\/guantes-quirurgicos-sensicare-poliisopreno\/#breadcrumb"},"inLanguage":"es","potentialAction":[{"@type":"ReadAction","target":["https:\/\/blooming.com.mx\/index.php\/product\/guantes-quirurgicos-sensicare-poliisopreno\/"]}]},{"@type":"BreadcrumbList","@id":"https:\/\/blooming.com.mx\/index.php\/product\/guantes-quirurgicos-sensicare-poliisopreno\/#breadcrumb","itemListElement":[{"@type":"ListItem","position":1,"name":"Inicio","item":"https:\/\/blooming.com.mx\/"},{"@type":"ListItem","position":2,"name":"Main Shop Page (Demo)","item":"https:\/\/blooming.com.mx\/index.php\/shop-2\/"},{"@type":"ListItem","position":3,"name":"GUANTES QUIR\u00daRGICOS SENSICARE POLIISOPRENO"}]},{"@type":"WebSite","@id":"https:\/\/blooming.com.mx\/#website","url":"https:\/\/blooming.com.mx\/","name":"Blooming","description":"blooming","potentialAction":[{"@type":"SearchAction","target":{"@type":"EntryPoint","urlTemplate":"https:\/\/blooming.com.mx\/?s={search_term_string}"},"query-input":"required name=search_term_string"}],"inLanguage":"es"}]}},"_links":{"self":[{"href":"https:\/\/blooming.com.mx\/index.php\/wp-json\/wp\/v2\/product\/1730","targetHints":{"allow":["GET"]}}],"collection":[{"href":"https:\/\/blooming.com.mx\/index.php\/wp-json\/wp\/v2\/product"}],"about":[{"href":"https:\/\/blooming.com.mx\/index.php\/wp-json\/wp\/v2\/types\/product"}],"replies":[{"embeddable":true,"href":"https:\/\/blooming.com.mx\/index.php\/wp-json\/wp\/v2\/comments?post=1730"}],"wp:featuredmedia":[{"embeddable":true,"href":"https:\/\/blooming.com.mx\/index.php\/wp-json\/wp\/v2\/media\/1752"}],"wp:attachment":[{"href":"https:\/\/blooming.com.mx\/index.php\/wp-json\/wp\/v2\/media?parent=1730"}],"wp:term":[{"taxonomy":"product_cat","embeddable":true,"href":"https:\/\/blooming.com.mx\/index.php\/wp-json\/wp\/v2\/product_cat?post=1730"},{"taxonomy":"product_tag","embeddable":true,"href":"https:\/\/blooming.com.mx\/index.php\/wp-json\/wp\/v2\/product_tag?post=1730"}],"curies":[{"name":"wp","href":"https:\/\/api.w.org\/{rel}","templated":true}]}}