{"id":1732,"date":"2022-08-12T13:14:55","date_gmt":"2022-08-12T18:14:55","guid":{"rendered":"https:\/\/blooming.com.mx\/?post_type=product&#038;p=1732"},"modified":"2022-08-23T11:00:19","modified_gmt":"2022-08-23T16:00:19","slug":"guantes-de-examinacion-de-nitrilo-sin-polvo-fitguard-touch","status":"publish","type":"product","link":"https:\/\/blooming.com.mx\/index.php\/product\/guantes-de-examinacion-de-nitrilo-sin-polvo-fitguard-touch\/","title":{"rendered":"GUANTES DE EXAMINACI\u00d3N DE NITRILO SIN POLVO FITGUARD TOUCH"},"content":{"rendered":"","protected":false},"excerpt":{"rendered":"<p>GUANTE DE EXAMINACI\u00d3N DE NITRILO, LIBRES DE POLVO Y RESISTENTE A QUIMIOTERAP\u00c9UTICOS<\/p>\n","protected":false},"featured_media":1755,"comment_status":"open","ping_status":"closed","template":"","meta":{"om_disable_all_campaigns":false,"_monsterinsights_skip_tracking":false,"_monsterinsights_sitenote_active":false,"_monsterinsights_sitenote_note":"","_monsterinsights_sitenote_category":0,"_joinchat":[]},"product_cat":[78,76],"product_tag":[],"class_list":{"0":"post-1732","1":"product","2":"type-product","3":"status-publish","4":"has-post-thumbnail","6":"product_cat-guantes","7":"product_cat-medline"},"yoast_head":"<!-- This site is optimized with the Yoast SEO plugin v20.3 - https:\/\/yoast.com\/wordpress\/plugins\/seo\/ -->\n<title>GUANTES DE EXAMINACI\u00d3N DE NITRILO SIN POLVO FITGUARD TOUCH - Blooming<\/title>\n<meta name=\"robots\" content=\"index, follow, max-snippet:-1, max-image-preview:large, max-video-preview:-1\" \/>\n<link rel=\"canonical\" href=\"https:\/\/blooming.com.mx\/index.php\/product\/guantes-de-examinacion-de-nitrilo-sin-polvo-fitguard-touch\/\" \/>\n<meta property=\"og:locale\" content=\"es_MX\" \/>\n<meta property=\"og:type\" content=\"article\" \/>\n<meta property=\"og:title\" content=\"GUANTES DE EXAMINACI\u00d3N DE NITRILO SIN POLVO FITGUARD TOUCH - Blooming\" \/>\n<meta property=\"og:description\" content=\"GUANTE DE EXAMINACI\u00d3N DE NITRILO, LIBRES DE POLVO Y RESISTENTE A QUIMIOTERAP\u00c9UTICOS\" \/>\n<meta property=\"og:url\" content=\"https:\/\/blooming.com.mx\/index.php\/product\/guantes-de-examinacion-de-nitrilo-sin-polvo-fitguard-touch\/\" \/>\n<meta property=\"og:site_name\" content=\"Blooming\" \/>\n<meta property=\"article:modified_time\" content=\"2022-08-23T16:00:19+00:00\" \/>\n<meta property=\"og:image\" content=\"https:\/\/blooming.com.mx\/wp-content\/uploads\/2022\/08\/GUANTES-DE-EXAMINACION-DE-NITRILO-SIN-POLVO-FITGUARD-TOUCH-1-2.jpg\" \/>\n\t<meta property=\"og:image:width\" content=\"1000\" \/>\n\t<meta property=\"og:image:height\" content=\"1000\" \/>\n\t<meta property=\"og:image:type\" content=\"image\/jpeg\" \/>\n<meta name=\"twitter:card\" content=\"summary_large_image\" \/>\n<script type=\"application\/ld+json\" class=\"yoast-schema-graph\">{\"@context\":\"https:\/\/schema.org\",\"@graph\":[{\"@type\":\"WebPage\",\"@id\":\"https:\/\/blooming.com.mx\/index.php\/product\/guantes-de-examinacion-de-nitrilo-sin-polvo-fitguard-touch\/\",\"url\":\"https:\/\/blooming.com.mx\/index.php\/product\/guantes-de-examinacion-de-nitrilo-sin-polvo-fitguard-touch\/\",\"name\":\"GUANTES DE EXAMINACI\u00d3N DE NITRILO SIN POLVO FITGUARD TOUCH - Blooming\",\"isPartOf\":{\"@id\":\"https:\/\/blooming.com.mx\/#website\"},\"datePublished\":\"2022-08-12T18:14:55+00:00\",\"dateModified\":\"2022-08-23T16:00:19+00:00\",\"breadcrumb\":{\"@id\":\"https:\/\/blooming.com.mx\/index.php\/product\/guantes-de-examinacion-de-nitrilo-sin-polvo-fitguard-touch\/#breadcrumb\"},\"inLanguage\":\"es\",\"potentialAction\":[{\"@type\":\"ReadAction\",\"target\":[\"https:\/\/blooming.com.mx\/index.php\/product\/guantes-de-examinacion-de-nitrilo-sin-polvo-fitguard-touch\/\"]}]},{\"@type\":\"BreadcrumbList\",\"@id\":\"https:\/\/blooming.com.mx\/index.php\/product\/guantes-de-examinacion-de-nitrilo-sin-polvo-fitguard-touch\/#breadcrumb\",\"itemListElement\":[{\"@type\":\"ListItem\",\"position\":1,\"name\":\"Inicio\",\"item\":\"https:\/\/blooming.com.mx\/\"},{\"@type\":\"ListItem\",\"position\":2,\"name\":\"Main Shop Page (Demo)\",\"item\":\"https:\/\/blooming.com.mx\/index.php\/shop-2\/\"},{\"@type\":\"ListItem\",\"position\":3,\"name\":\"GUANTES DE EXAMINACI\u00d3N DE NITRILO SIN POLVO FITGUARD TOUCH\"}]},{\"@type\":\"WebSite\",\"@id\":\"https:\/\/blooming.com.mx\/#website\",\"url\":\"https:\/\/blooming.com.mx\/\",\"name\":\"Blooming\",\"description\":\"blooming\",\"potentialAction\":[{\"@type\":\"SearchAction\",\"target\":{\"@type\":\"EntryPoint\",\"urlTemplate\":\"https:\/\/blooming.com.mx\/?s={search_term_string}\"},\"query-input\":\"required name=search_term_string\"}],\"inLanguage\":\"es\"}]}<\/script>\n<!-- \/ Yoast SEO plugin. -->","yoast_head_json":{"title":"GUANTES DE EXAMINACI\u00d3N DE NITRILO SIN POLVO FITGUARD TOUCH - Blooming","robots":{"index":"index","follow":"follow","max-snippet":"max-snippet:-1","max-image-preview":"max-image-preview:large","max-video-preview":"max-video-preview:-1"},"canonical":"https:\/\/blooming.com.mx\/index.php\/product\/guantes-de-examinacion-de-nitrilo-sin-polvo-fitguard-touch\/","og_locale":"es_MX","og_type":"article","og_title":"GUANTES DE EXAMINACI\u00d3N DE NITRILO SIN POLVO FITGUARD TOUCH - Blooming","og_description":"GUANTE DE EXAMINACI\u00d3N DE NITRILO, LIBRES DE POLVO Y RESISTENTE A QUIMIOTERAP\u00c9UTICOS","og_url":"https:\/\/blooming.com.mx\/index.php\/product\/guantes-de-examinacion-de-nitrilo-sin-polvo-fitguard-touch\/","og_site_name":"Blooming","article_modified_time":"2022-08-23T16:00:19+00:00","og_image":[{"width":1000,"height":1000,"url":"https:\/\/blooming.com.mx\/wp-content\/uploads\/2022\/08\/GUANTES-DE-EXAMINACION-DE-NITRILO-SIN-POLVO-FITGUARD-TOUCH-1-2.jpg","type":"image\/jpeg"}],"twitter_card":"summary_large_image","schema":{"@context":"https:\/\/schema.org","@graph":[{"@type":"WebPage","@id":"https:\/\/blooming.com.mx\/index.php\/product\/guantes-de-examinacion-de-nitrilo-sin-polvo-fitguard-touch\/","url":"https:\/\/blooming.com.mx\/index.php\/product\/guantes-de-examinacion-de-nitrilo-sin-polvo-fitguard-touch\/","name":"GUANTES DE EXAMINACI\u00d3N DE NITRILO SIN POLVO FITGUARD TOUCH - Blooming","isPartOf":{"@id":"https:\/\/blooming.com.mx\/#website"},"datePublished":"2022-08-12T18:14:55+00:00","dateModified":"2022-08-23T16:00:19+00:00","breadcrumb":{"@id":"https:\/\/blooming.com.mx\/index.php\/product\/guantes-de-examinacion-de-nitrilo-sin-polvo-fitguard-touch\/#breadcrumb"},"inLanguage":"es","potentialAction":[{"@type":"ReadAction","target":["https:\/\/blooming.com.mx\/index.php\/product\/guantes-de-examinacion-de-nitrilo-sin-polvo-fitguard-touch\/"]}]},{"@type":"BreadcrumbList","@id":"https:\/\/blooming.com.mx\/index.php\/product\/guantes-de-examinacion-de-nitrilo-sin-polvo-fitguard-touch\/#breadcrumb","itemListElement":[{"@type":"ListItem","position":1,"name":"Inicio","item":"https:\/\/blooming.com.mx\/"},{"@type":"ListItem","position":2,"name":"Main Shop Page (Demo)","item":"https:\/\/blooming.com.mx\/index.php\/shop-2\/"},{"@type":"ListItem","position":3,"name":"GUANTES DE EXAMINACI\u00d3N DE NITRILO SIN POLVO FITGUARD TOUCH"}]},{"@type":"WebSite","@id":"https:\/\/blooming.com.mx\/#website","url":"https:\/\/blooming.com.mx\/","name":"Blooming","description":"blooming","potentialAction":[{"@type":"SearchAction","target":{"@type":"EntryPoint","urlTemplate":"https:\/\/blooming.com.mx\/?s={search_term_string}"},"query-input":"required name=search_term_string"}],"inLanguage":"es"}]}},"_links":{"self":[{"href":"https:\/\/blooming.com.mx\/index.php\/wp-json\/wp\/v2\/product\/1732","targetHints":{"allow":["GET"]}}],"collection":[{"href":"https:\/\/blooming.com.mx\/index.php\/wp-json\/wp\/v2\/product"}],"about":[{"href":"https:\/\/blooming.com.mx\/index.php\/wp-json\/wp\/v2\/types\/product"}],"replies":[{"embeddable":true,"href":"https:\/\/blooming.com.mx\/index.php\/wp-json\/wp\/v2\/comments?post=1732"}],"wp:featuredmedia":[{"embeddable":true,"href":"https:\/\/blooming.com.mx\/index.php\/wp-json\/wp\/v2\/media\/1755"}],"wp:attachment":[{"href":"https:\/\/blooming.com.mx\/index.php\/wp-json\/wp\/v2\/media?parent=1732"}],"wp:term":[{"taxonomy":"product_cat","embeddable":true,"href":"https:\/\/blooming.com.mx\/index.php\/wp-json\/wp\/v2\/product_cat?post=1732"},{"taxonomy":"product_tag","embeddable":true,"href":"https:\/\/blooming.com.mx\/index.php\/wp-json\/wp\/v2\/product_tag?post=1732"}],"curies":[{"name":"wp","href":"https:\/\/api.w.org\/{rel}","templated":true}]}}