{"id":1809,"date":"2022-09-12T10:03:15","date_gmt":"2022-09-12T15:03:15","guid":{"rendered":"https:\/\/blooming.com.mx\/?post_type=product&#038;p=1809"},"modified":"2022-09-12T10:05:16","modified_gmt":"2022-09-12T15:05:16","slug":"paquete-para-legrado-esteril","status":"publish","type":"product","link":"https:\/\/blooming.com.mx\/index.php\/product\/paquete-para-legrado-esteril\/","title":{"rendered":"PAQUETE PARA LEGRADO EST\u00c9RIL"},"content":{"rendered":"","protected":false},"excerpt":{"rendered":"<p>PAQUETE PARA LEGRADO EST\u00c9RIL FABRICADO EN TELA NO TEJIDA GRADO M\u00c9DICO DE POLIPROPILENO 35 GR., 100% IMPERMEABLE Y REPELENTE A LA PENETRACI\u00d3N DE L\u00cdQUIDOS Y FLU\u00cdDOS, COLOR ANTIRREFLEJANTE, NO TRANSPARENTE, ANTIEST\u00c1TICA, RESISTENTE A LA TENSI\u00d3N EN USO NORMAL, M\u00cdNIMA GENERACI\u00d3N DE PELUSA, LIBRE DE L\u00c1TEX, NO FLAMABLE, EST\u00c9RIL Y DESECHABLE EN EMPAQUE DE F\u00c1CIL APERTURA QUE GARANTICE LA ESTERILIZACI\u00d3N.<\/p>\n","protected":false},"featured_media":1810,"comment_status":"open","ping_status":"closed","template":"","meta":{"om_disable_all_campaigns":false,"_monsterinsights_skip_tracking":false,"_monsterinsights_sitenote_active":false,"_monsterinsights_sitenote_note":"","_monsterinsights_sitenote_category":0,"_joinchat":[]},"product_cat":[72,73],"product_tag":[],"class_list":{"0":"post-1809","1":"product","2":"type-product","3":"status-publish","4":"has-post-thumbnail","6":"product_cat-alterhos","7":"product_cat-ropa-quirurgica-desechable-de-un-solo-uso"},"yoast_head":"<!-- This site is optimized with the Yoast SEO plugin v20.3 - https:\/\/yoast.com\/wordpress\/plugins\/seo\/ -->\n<title>PAQUETE PARA LEGRADO EST\u00c9RIL - Blooming<\/title>\n<meta name=\"robots\" content=\"index, follow, max-snippet:-1, max-image-preview:large, max-video-preview:-1\" \/>\n<link rel=\"canonical\" href=\"https:\/\/blooming.com.mx\/index.php\/product\/paquete-para-legrado-esteril\/\" \/>\n<meta property=\"og:locale\" content=\"es_MX\" \/>\n<meta property=\"og:type\" content=\"article\" \/>\n<meta property=\"og:title\" content=\"PAQUETE PARA LEGRADO EST\u00c9RIL - Blooming\" \/>\n<meta property=\"og:description\" content=\"PAQUETE PARA LEGRADO EST\u00c9RIL FABRICADO EN TELA NO TEJIDA GRADO M\u00c9DICO DE POLIPROPILENO 35 GR., 100% IMPERMEABLE Y REPELENTE A LA PENETRACI\u00d3N DE L\u00cdQUIDOS Y FLU\u00cdDOS, COLOR ANTIRREFLEJANTE, NO TRANSPARENTE, ANTIEST\u00c1TICA, RESISTENTE A LA TENSI\u00d3N EN USO NORMAL, M\u00cdNIMA GENERACI\u00d3N DE PELUSA, LIBRE DE L\u00c1TEX, NO FLAMABLE, EST\u00c9RIL Y DESECHABLE EN EMPAQUE DE F\u00c1CIL APERTURA QUE GARANTICE LA ESTERILIZACI\u00d3N.\" \/>\n<meta property=\"og:url\" content=\"https:\/\/blooming.com.mx\/index.php\/product\/paquete-para-legrado-esteril\/\" \/>\n<meta property=\"og:site_name\" content=\"Blooming\" \/>\n<meta property=\"article:modified_time\" content=\"2022-09-12T15:05:16+00:00\" \/>\n<meta property=\"og:image\" content=\"https:\/\/blooming.com.mx\/wp-content\/uploads\/2022\/09\/Legrado-1.jpg\" \/>\n\t<meta property=\"og:image:width\" content=\"1000\" \/>\n\t<meta property=\"og:image:height\" content=\"1000\" \/>\n\t<meta property=\"og:image:type\" content=\"image\/jpeg\" \/>\n<meta name=\"twitter:card\" content=\"summary_large_image\" \/>\n<script type=\"application\/ld+json\" class=\"yoast-schema-graph\">{\"@context\":\"https:\/\/schema.org\",\"@graph\":[{\"@type\":\"WebPage\",\"@id\":\"https:\/\/blooming.com.mx\/index.php\/product\/paquete-para-legrado-esteril\/\",\"url\":\"https:\/\/blooming.com.mx\/index.php\/product\/paquete-para-legrado-esteril\/\",\"name\":\"PAQUETE PARA LEGRADO EST\u00c9RIL - Blooming\",\"isPartOf\":{\"@id\":\"https:\/\/blooming.com.mx\/#website\"},\"datePublished\":\"2022-09-12T15:03:15+00:00\",\"dateModified\":\"2022-09-12T15:05:16+00:00\",\"breadcrumb\":{\"@id\":\"https:\/\/blooming.com.mx\/index.php\/product\/paquete-para-legrado-esteril\/#breadcrumb\"},\"inLanguage\":\"es\",\"potentialAction\":[{\"@type\":\"ReadAction\",\"target\":[\"https:\/\/blooming.com.mx\/index.php\/product\/paquete-para-legrado-esteril\/\"]}]},{\"@type\":\"BreadcrumbList\",\"@id\":\"https:\/\/blooming.com.mx\/index.php\/product\/paquete-para-legrado-esteril\/#breadcrumb\",\"itemListElement\":[{\"@type\":\"ListItem\",\"position\":1,\"name\":\"Inicio\",\"item\":\"https:\/\/blooming.com.mx\/\"},{\"@type\":\"ListItem\",\"position\":2,\"name\":\"Main Shop Page (Demo)\",\"item\":\"https:\/\/blooming.com.mx\/index.php\/shop-2\/\"},{\"@type\":\"ListItem\",\"position\":3,\"name\":\"PAQUETE PARA LEGRADO EST\u00c9RIL\"}]},{\"@type\":\"WebSite\",\"@id\":\"https:\/\/blooming.com.mx\/#website\",\"url\":\"https:\/\/blooming.com.mx\/\",\"name\":\"Blooming\",\"description\":\"blooming\",\"potentialAction\":[{\"@type\":\"SearchAction\",\"target\":{\"@type\":\"EntryPoint\",\"urlTemplate\":\"https:\/\/blooming.com.mx\/?s={search_term_string}\"},\"query-input\":\"required name=search_term_string\"}],\"inLanguage\":\"es\"}]}<\/script>\n<!-- \/ Yoast SEO plugin. -->","yoast_head_json":{"title":"PAQUETE PARA LEGRADO EST\u00c9RIL - Blooming","robots":{"index":"index","follow":"follow","max-snippet":"max-snippet:-1","max-image-preview":"max-image-preview:large","max-video-preview":"max-video-preview:-1"},"canonical":"https:\/\/blooming.com.mx\/index.php\/product\/paquete-para-legrado-esteril\/","og_locale":"es_MX","og_type":"article","og_title":"PAQUETE PARA LEGRADO EST\u00c9RIL - Blooming","og_description":"PAQUETE PARA LEGRADO EST\u00c9RIL FABRICADO EN TELA NO TEJIDA GRADO M\u00c9DICO DE POLIPROPILENO 35 GR., 100% IMPERMEABLE Y REPELENTE A LA PENETRACI\u00d3N DE L\u00cdQUIDOS Y FLU\u00cdDOS, COLOR ANTIRREFLEJANTE, NO TRANSPARENTE, ANTIEST\u00c1TICA, RESISTENTE A LA TENSI\u00d3N EN USO NORMAL, M\u00cdNIMA GENERACI\u00d3N DE PELUSA, LIBRE DE L\u00c1TEX, NO FLAMABLE, EST\u00c9RIL Y DESECHABLE EN EMPAQUE DE F\u00c1CIL APERTURA QUE GARANTICE LA ESTERILIZACI\u00d3N.","og_url":"https:\/\/blooming.com.mx\/index.php\/product\/paquete-para-legrado-esteril\/","og_site_name":"Blooming","article_modified_time":"2022-09-12T15:05:16+00:00","og_image":[{"width":1000,"height":1000,"url":"https:\/\/blooming.com.mx\/wp-content\/uploads\/2022\/09\/Legrado-1.jpg","type":"image\/jpeg"}],"twitter_card":"summary_large_image","schema":{"@context":"https:\/\/schema.org","@graph":[{"@type":"WebPage","@id":"https:\/\/blooming.com.mx\/index.php\/product\/paquete-para-legrado-esteril\/","url":"https:\/\/blooming.com.mx\/index.php\/product\/paquete-para-legrado-esteril\/","name":"PAQUETE PARA LEGRADO EST\u00c9RIL - Blooming","isPartOf":{"@id":"https:\/\/blooming.com.mx\/#website"},"datePublished":"2022-09-12T15:03:15+00:00","dateModified":"2022-09-12T15:05:16+00:00","breadcrumb":{"@id":"https:\/\/blooming.com.mx\/index.php\/product\/paquete-para-legrado-esteril\/#breadcrumb"},"inLanguage":"es","potentialAction":[{"@type":"ReadAction","target":["https:\/\/blooming.com.mx\/index.php\/product\/paquete-para-legrado-esteril\/"]}]},{"@type":"BreadcrumbList","@id":"https:\/\/blooming.com.mx\/index.php\/product\/paquete-para-legrado-esteril\/#breadcrumb","itemListElement":[{"@type":"ListItem","position":1,"name":"Inicio","item":"https:\/\/blooming.com.mx\/"},{"@type":"ListItem","position":2,"name":"Main Shop Page (Demo)","item":"https:\/\/blooming.com.mx\/index.php\/shop-2\/"},{"@type":"ListItem","position":3,"name":"PAQUETE PARA LEGRADO EST\u00c9RIL"}]},{"@type":"WebSite","@id":"https:\/\/blooming.com.mx\/#website","url":"https:\/\/blooming.com.mx\/","name":"Blooming","description":"blooming","potentialAction":[{"@type":"SearchAction","target":{"@type":"EntryPoint","urlTemplate":"https:\/\/blooming.com.mx\/?s={search_term_string}"},"query-input":"required name=search_term_string"}],"inLanguage":"es"}]}},"_links":{"self":[{"href":"https:\/\/blooming.com.mx\/index.php\/wp-json\/wp\/v2\/product\/1809","targetHints":{"allow":["GET"]}}],"collection":[{"href":"https:\/\/blooming.com.mx\/index.php\/wp-json\/wp\/v2\/product"}],"about":[{"href":"https:\/\/blooming.com.mx\/index.php\/wp-json\/wp\/v2\/types\/product"}],"replies":[{"embeddable":true,"href":"https:\/\/blooming.com.mx\/index.php\/wp-json\/wp\/v2\/comments?post=1809"}],"wp:featuredmedia":[{"embeddable":true,"href":"https:\/\/blooming.com.mx\/index.php\/wp-json\/wp\/v2\/media\/1810"}],"wp:attachment":[{"href":"https:\/\/blooming.com.mx\/index.php\/wp-json\/wp\/v2\/media?parent=1809"}],"wp:term":[{"taxonomy":"product_cat","embeddable":true,"href":"https:\/\/blooming.com.mx\/index.php\/wp-json\/wp\/v2\/product_cat?post=1809"},{"taxonomy":"product_tag","embeddable":true,"href":"https:\/\/blooming.com.mx\/index.php\/wp-json\/wp\/v2\/product_tag?post=1809"}],"curies":[{"name":"wp","href":"https:\/\/api.w.org\/{rel}","templated":true}]}}